{"id":2639,"date":"2026-02-11T18:15:41","date_gmt":"2026-02-11T18:15:41","guid":{"rendered":"https:\/\/abiliocaetano.online\/?page_id=2639"},"modified":"2026-02-11T18:18:42","modified_gmt":"2026-02-11T18:18:42","slug":"politica-de-accesibilidad","status":"publish","type":"page","link":"https:\/\/abiliocaetano.online\/en\/politica-de-accesibilidad\/","title":{"rendered":"Pol\u00edtica de Accesibilidad"},"content":{"rendered":"<div data-elementor-type=\"wp-page\" data-elementor-id=\"2639\" class=\"elementor elementor-2639\" data-elementor-post-type=\"page\">\n\t\t\t\t<div class=\"elementor-element elementor-element-99eeb6c e-flex e-con-boxed e-con e-parent\" data-id=\"99eeb6c\" data-element_type=\"container\" data-e-type=\"container\">\n\t\t\t\t\t<div class=\"e-con-inner\">\n\t\t<div class=\"elementor-element elementor-element-a9b98ce e-con-full e-flex e-con e-child\" data-id=\"a9b98ce\" data-element_type=\"container\" data-e-type=\"container\">\n\t\t\t\t<div class=\"elementor-element elementor-element-e0f23fa elementor-widget__width-initial elementor-widget elementor-widget-heading\" data-id=\"e0f23fa\" data-element_type=\"widget\" data-e-type=\"widget\" data-widget_type=\"heading.default\">\n\t\t\t\t\t<h2 class=\"elementor-heading-title elementor-size-default\">DECLARACI\u00d3N DE ACCESIBILIDAD<\/h2>\t\t\t\t<\/div>\n\t\t\t\t<\/div>\n\t\t<div class=\"elementor-element elementor-element-d89a6f4 e-con-full e-flex e-con e-child\" data-id=\"d89a6f4\" data-element_type=\"container\" data-e-type=\"container\">\n\t\t<div class=\"elementor-element elementor-element-30afc07 e-con-full e-flex e-con e-child\" data-id=\"30afc07\" data-element_type=\"container\" data-e-type=\"container\">\n\t\t\t\t<div class=\"elementor-element elementor-element-74a0fb3 elementor-widget-tablet__width-initial elementor-widget elementor-widget-text-editor\" data-id=\"74a0fb3\" data-element_type=\"widget\" data-e-type=\"widget\" data-widget_type=\"text-editor.default\">\n\t\t\t\t\t\t\t\t\t<p>Abilio Caetano se compromete a que su sitio web sea accesible para todos los usuarios, independientemente de sus capacidades. Estamos trabajando para cumplir con las pautas WCAG 2.1.<\/p>\t\t\t\t\t\t\t\t<\/div>\n\t\t\t\t<\/div>\n\t\t<div class=\"elementor-element elementor-element-50db21d e-con-full e-flex e-con e-child\" data-id=\"50db21d\" data-element_type=\"container\" data-e-type=\"container\">\n\t\t\t\t<div class=\"elementor-element elementor-element-e60283d elementor-widget-tablet__width-initial elementor-widget elementor-widget-text-editor\" data-id=\"e60283d\" data-element_type=\"widget\" data-e-type=\"widget\" data-widget_type=\"text-editor.default\">\n\t\t\t\t\t\t\t\t\t<p>Caracter\u00edsticas de accesibilidad:<\/p><ol><li>Estructura jer\u00e1rquica de encabezados (H1, H2, H3).<\/li><li>Textos con contraste suficiente para facilitar la lectura.<\/li><li>Uso de textos alternativos en im\u00e1genes (alt-text).<\/li><\/ol><p>Si encuentras alguna dificultad para acceder al contenido, por favor cont\u00e1ctanos en hola@abiliocaetano.online.<\/p>\t\t\t\t\t\t\t\t<\/div>\n\t\t\t\t<\/div>\n\t\t\t\t<\/div>\n\t\t\t\t\t<\/div>\n\t\t\t\t<\/div>\n\t\t\t\t<\/div>","protected":false},"excerpt":{"rendered":"<p>DECLARACI\u00d3N DE ACCESIBILIDAD Abilio Caetano se compromete a que su sitio web sea accesible para todos los usuarios, independientemente de sus capacidades. Estamos trabajando para cumplir con las pautas WCAG &#8230; <\/p>\n<p class=\"read-more-container\"><a title=\"Pol\u00edtica de Accesibilidad\" class=\"read-more button\" href=\"https:\/\/abiliocaetano.online\/en\/politica-de-accesibilidad\/#more-2639\" aria-label=\"Read more about Pol\u00edtica de Accesibilidad\">Leer &gt;&gt;<\/a><\/p>","protected":false},"author":2,"featured_media":0,"parent":0,"menu_order":0,"comment_status":"closed","ping_status":"closed","template":"","meta":{"footnotes":""},"class_list":{"0":"post-2639","1":"page","2":"type-page","3":"status-publish","5":"infinite-scroll-item"},"yoast_head":"<!-- This site is optimized with the Yoast SEO plugin v27.2 - https:\/\/yoast.com\/product\/yoast-seo-wordpress\/ -->\n<title>Pol\u00edtica de Accesibilidad - El Rinc\u00f3n de Abi<\/title>\n<meta name=\"robots\" content=\"noindex, follow\" \/>\n<meta property=\"og:locale\" content=\"en_GB\" \/>\n<meta property=\"og:type\" content=\"article\" \/>\n<meta property=\"og:title\" content=\"Pol\u00edtica de Accesibilidad - El Rinc\u00f3n de Abi\" \/>\n<meta property=\"og:description\" content=\"DECLARACI\u00d3N DE ACCESIBILIDAD Abilio Caetano se compromete a que su sitio web sea accesible para todos los usuarios, independientemente de sus capacidades. Estamos trabajando para cumplir con las pautas WCAG ... Leer &gt;&gt;\" \/>\n<meta property=\"og:url\" content=\"https:\/\/abiliocaetano.online\/en\/politica-de-accesibilidad\/\" \/>\n<meta property=\"og:site_name\" content=\"El Rinc\u00f3n de Abi\" \/>\n<meta property=\"article:modified_time\" content=\"2026-02-11T18:18:42+00:00\" \/>\n<meta name=\"twitter:card\" content=\"summary_large_image\" \/>\n<meta name=\"twitter:label1\" content=\"Estimated reading time\" \/>\n\t<meta name=\"twitter:data1\" content=\"1 minute\" \/>\n<script type=\"application\/ld+json\" class=\"yoast-schema-graph\">{\"@context\":\"https:\/\/schema.org\",\"@graph\":[{\"@type\":\"WebPage\",\"@id\":\"https:\/\/abiliocaetano.online\/politica-de-accesibilidad\/\",\"url\":\"https:\/\/abiliocaetano.online\/politica-de-accesibilidad\/\",\"name\":\"Pol\u00edtica de Accesibilidad - El Rinc\u00f3n de Abi\",\"isPartOf\":{\"@id\":\"https:\/\/abiliocaetano.online\/#website\"},\"datePublished\":\"2026-02-11T18:15:41+00:00\",\"dateModified\":\"2026-02-11T18:18:42+00:00\",\"breadcrumb\":{\"@id\":\"https:\/\/abiliocaetano.online\/politica-de-accesibilidad\/#breadcrumb\"},\"inLanguage\":\"en-GB\",\"potentialAction\":[{\"@type\":\"ReadAction\",\"target\":[\"https:\/\/abiliocaetano.online\/politica-de-accesibilidad\/\"]}]},{\"@type\":\"BreadcrumbList\",\"@id\":\"https:\/\/abiliocaetano.online\/politica-de-accesibilidad\/#breadcrumb\",\"itemListElement\":[{\"@type\":\"ListItem\",\"position\":1,\"name\":\"Portada\",\"item\":\"https:\/\/abiliocaetano.online\/\"},{\"@type\":\"ListItem\",\"position\":2,\"name\":\"Pol\u00edtica de Accesibilidad\"}]},{\"@type\":\"WebSite\",\"@id\":\"https:\/\/abiliocaetano.online\/#website\",\"url\":\"https:\/\/abiliocaetano.online\/\",\"name\":\"Abilio.online\",\"description\":\"ESG | Medioambiente | Negocios\",\"publisher\":{\"@id\":\"https:\/\/abiliocaetano.online\/#\/schema\/person\/7ea8336b159e81f9992a48f34c68278d\"},\"alternateName\":\"Abilio Caetano\",\"potentialAction\":[{\"@type\":\"SearchAction\",\"target\":{\"@type\":\"EntryPoint\",\"urlTemplate\":\"https:\/\/abiliocaetano.online\/?s={search_term_string}\"},\"query-input\":{\"@type\":\"PropertyValueSpecification\",\"valueRequired\":true,\"valueName\":\"search_term_string\"}}],\"inLanguage\":\"en-GB\"},{\"@type\":[\"Person\",\"Organization\"],\"@id\":\"https:\/\/abiliocaetano.online\/#\/schema\/person\/7ea8336b159e81f9992a48f34c68278d\",\"name\":\"Abi\",\"image\":{\"@type\":\"ImageObject\",\"inLanguage\":\"en-GB\",\"@id\":\"https:\/\/abiliocaetano.online\/wp-content\/uploads\/2024\/11\/2-e1731160672608.png\",\"url\":\"https:\/\/abiliocaetano.online\/wp-content\/uploads\/2024\/11\/2-e1731160672608.png\",\"contentUrl\":\"https:\/\/abiliocaetano.online\/wp-content\/uploads\/2024\/11\/2-e1731160672608.png\",\"width\":355,\"height\":198,\"caption\":\"Abi\"},\"logo\":{\"@id\":\"https:\/\/abiliocaetano.online\/wp-content\/uploads\/2024\/11\/2-e1731160672608.png\"},\"sameAs\":[\"http:\/\/abiliocaetano.online\",\"https:\/\/www.linkedin.com\/in\/abilio-caetano\/\",\"https:\/\/www.youtube.com\/@RouteESGPodcast\"]}]}<\/script>\n<!-- \/ Yoast SEO plugin. -->","yoast_head_json":{"title":"Pol\u00edtica de Accesibilidad - El Rinc\u00f3n de Abi","robots":{"index":"noindex","follow":"follow"},"og_locale":"en_GB","og_type":"article","og_title":"Pol\u00edtica de Accesibilidad - El Rinc\u00f3n de Abi","og_description":"DECLARACI\u00d3N DE ACCESIBILIDAD Abilio Caetano se compromete a que su sitio web sea accesible para todos los usuarios, independientemente de sus capacidades. Estamos trabajando para cumplir con las pautas WCAG ... Leer &gt;&gt;","og_url":"https:\/\/abiliocaetano.online\/en\/politica-de-accesibilidad\/","og_site_name":"El Rinc\u00f3n de Abi","article_modified_time":"2026-02-11T18:18:42+00:00","twitter_card":"summary_large_image","twitter_misc":{"Estimated reading time":"1 minute"},"schema":{"@context":"https:\/\/schema.org","@graph":[{"@type":"WebPage","@id":"https:\/\/abiliocaetano.online\/politica-de-accesibilidad\/","url":"https:\/\/abiliocaetano.online\/politica-de-accesibilidad\/","name":"Pol\u00edtica de Accesibilidad - El Rinc\u00f3n de Abi","isPartOf":{"@id":"https:\/\/abiliocaetano.online\/#website"},"datePublished":"2026-02-11T18:15:41+00:00","dateModified":"2026-02-11T18:18:42+00:00","breadcrumb":{"@id":"https:\/\/abiliocaetano.online\/politica-de-accesibilidad\/#breadcrumb"},"inLanguage":"en-GB","potentialAction":[{"@type":"ReadAction","target":["https:\/\/abiliocaetano.online\/politica-de-accesibilidad\/"]}]},{"@type":"BreadcrumbList","@id":"https:\/\/abiliocaetano.online\/politica-de-accesibilidad\/#breadcrumb","itemListElement":[{"@type":"ListItem","position":1,"name":"Portada","item":"https:\/\/abiliocaetano.online\/"},{"@type":"ListItem","position":2,"name":"Pol\u00edtica de Accesibilidad"}]},{"@type":"WebSite","@id":"https:\/\/abiliocaetano.online\/#website","url":"https:\/\/abiliocaetano.online\/","name":"Abilio.online","description":"ESG | Medioambiente | Negocios","publisher":{"@id":"https:\/\/abiliocaetano.online\/#\/schema\/person\/7ea8336b159e81f9992a48f34c68278d"},"alternateName":"Abilio Caetano","potentialAction":[{"@type":"SearchAction","target":{"@type":"EntryPoint","urlTemplate":"https:\/\/abiliocaetano.online\/?s={search_term_string}"},"query-input":{"@type":"PropertyValueSpecification","valueRequired":true,"valueName":"search_term_string"}}],"inLanguage":"en-GB"},{"@type":["Person","Organization"],"@id":"https:\/\/abiliocaetano.online\/#\/schema\/person\/7ea8336b159e81f9992a48f34c68278d","name":"Abi","image":{"@type":"ImageObject","inLanguage":"en-GB","@id":"https:\/\/abiliocaetano.online\/wp-content\/uploads\/2024\/11\/2-e1731160672608.png","url":"https:\/\/abiliocaetano.online\/wp-content\/uploads\/2024\/11\/2-e1731160672608.png","contentUrl":"https:\/\/abiliocaetano.online\/wp-content\/uploads\/2024\/11\/2-e1731160672608.png","width":355,"height":198,"caption":"Abi"},"logo":{"@id":"https:\/\/abiliocaetano.online\/wp-content\/uploads\/2024\/11\/2-e1731160672608.png"},"sameAs":["http:\/\/abiliocaetano.online","https:\/\/www.linkedin.com\/in\/abilio-caetano\/","https:\/\/www.youtube.com\/@RouteESGPodcast"]}]}},"_links":{"self":[{"href":"https:\/\/abiliocaetano.online\/en\/wp-json\/wp\/v2\/pages\/2639","targetHints":{"allow":["GET"]}}],"collection":[{"href":"https:\/\/abiliocaetano.online\/en\/wp-json\/wp\/v2\/pages"}],"about":[{"href":"https:\/\/abiliocaetano.online\/en\/wp-json\/wp\/v2\/types\/page"}],"author":[{"embeddable":true,"href":"https:\/\/abiliocaetano.online\/en\/wp-json\/wp\/v2\/users\/2"}],"replies":[{"embeddable":true,"href":"https:\/\/abiliocaetano.online\/en\/wp-json\/wp\/v2\/comments?post=2639"}],"version-history":[{"count":7,"href":"https:\/\/abiliocaetano.online\/en\/wp-json\/wp\/v2\/pages\/2639\/revisions"}],"predecessor-version":[{"id":2647,"href":"https:\/\/abiliocaetano.online\/en\/wp-json\/wp\/v2\/pages\/2639\/revisions\/2647"}],"wp:attachment":[{"href":"https:\/\/abiliocaetano.online\/en\/wp-json\/wp\/v2\/media?parent=2639"}],"curies":[{"name":"wp","href":"https:\/\/api.w.org\/{rel}","templated":true}]}}