{"id":1782,"date":"2026-01-26T10:10:26","date_gmt":"2026-01-26T10:10:26","guid":{"rendered":"https:\/\/abiliocaetano.online\/?page_id=1782"},"modified":"2026-02-11T17:07:48","modified_gmt":"2026-02-11T17:07:48","slug":"politica-de-cookies","status":"publish","type":"page","link":"https:\/\/abiliocaetano.online\/en\/politica-de-cookies\/","title":{"rendered":"Pol\u00edtica de cookies"},"content":{"rendered":"<div data-elementor-type=\"wp-page\" data-elementor-id=\"1782\" class=\"elementor elementor-1782\" data-elementor-post-type=\"page\">\n\t\t\t\t<div class=\"elementor-element elementor-element-92cccb3 e-flex e-con-boxed e-con e-parent\" data-id=\"92cccb3\" data-element_type=\"container\" data-e-type=\"container\">\n\t\t\t\t\t<div class=\"e-con-inner\">\n\t\t<div class=\"elementor-element elementor-element-9c21b42 e-con-full e-flex e-con e-child\" data-id=\"9c21b42\" data-element_type=\"container\" data-e-type=\"container\">\n\t\t\t\t<div class=\"elementor-element elementor-element-c8f5028 elementor-widget__width-initial elementor-widget elementor-widget-heading\" data-id=\"c8f5028\" data-element_type=\"widget\" data-e-type=\"widget\" data-widget_type=\"heading.default\">\n\t\t\t\t\t<h2 class=\"elementor-heading-title elementor-size-default\">POL\u00cdTICA DE COOKIES<\/h2>\t\t\t\t<\/div>\n\t\t\t\t<\/div>\n\t\t<div class=\"elementor-element elementor-element-d43c40d e-con-full e-flex e-con e-child\" data-id=\"d43c40d\" data-element_type=\"container\" data-e-type=\"container\">\n\t\t<div class=\"elementor-element elementor-element-881e6af e-con-full e-flex e-con e-child\" data-id=\"881e6af\" data-element_type=\"container\" data-e-type=\"container\">\n\t\t\t\t<div class=\"elementor-element elementor-element-3eb8c4c elementor-widget-tablet__width-initial elementor-widget elementor-widget-text-editor\" data-id=\"3eb8c4c\" data-element_type=\"widget\" data-e-type=\"widget\" data-widget_type=\"text-editor.default\">\n\t\t\t\t\t\t\t\t\t<p>Este sitio web utiliza cookies para mejorar la experiencia de navegaci\u00f3n y analizar el tr\u00e1fico de forma an\u00f3nima.<\/p>\t\t\t\t\t\t\t\t<\/div>\n\t\t\t\t<\/div>\n\t\t<div class=\"elementor-element elementor-element-d5d51fc e-con-full e-flex e-con e-child\" data-id=\"d5d51fc\" data-element_type=\"container\" data-e-type=\"container\">\n\t\t\t\t<div class=\"elementor-element elementor-element-39bcb34 elementor-widget-tablet__width-initial elementor-widget elementor-widget-text-editor\" data-id=\"39bcb34\" data-element_type=\"widget\" data-e-type=\"widget\" data-widget_type=\"text-editor.default\">\n\t\t\t\t\t\t\t\t\t<p>Cookies T\u00e9cnicas: Necesarias para el funcionamiento de la web.<br \/>Cookies Anal\u00edticas (Google Analytics): Nos permiten saber cu\u00e1ntas personas nos visitan y qu\u00e9 secciones les interesan m\u00e1s.<br \/>El usuario puede configurar su navegador para bloquear o eliminar las cookies en cualquier momento.<\/p>\t\t\t\t\t\t\t\t<\/div>\n\t\t\t\t<\/div>\n\t\t\t\t<\/div>\n\t\t\t\t\t<\/div>\n\t\t\t\t<\/div>\n\t\t\t\t<\/div>","protected":false},"excerpt":{"rendered":"<p>POL\u00cdTICA DE COOKIES Este sitio web utiliza cookies para mejorar la experiencia de navegaci\u00f3n y analizar el tr\u00e1fico de forma an\u00f3nima. Cookies T\u00e9cnicas: Necesarias para el funcionamiento de la web.Cookies &#8230; <\/p>\n<p class=\"read-more-container\"><a title=\"Pol\u00edtica de cookies\" class=\"read-more button\" href=\"https:\/\/abiliocaetano.online\/en\/politica-de-cookies\/#more-1782\" aria-label=\"Read more about Pol\u00edtica de cookies\">Leer &gt;&gt;<\/a><\/p>","protected":false},"author":2,"featured_media":0,"parent":0,"menu_order":0,"comment_status":"closed","ping_status":"closed","template":"","meta":{"footnotes":""},"class_list":{"0":"post-1782","1":"page","2":"type-page","3":"status-publish","5":"infinite-scroll-item"},"yoast_head":"<!-- This site is optimized with the Yoast SEO plugin v27.2 - https:\/\/yoast.com\/product\/yoast-seo-wordpress\/ -->\n<title>Pol\u00edtica de cookies - El Rinc\u00f3n de Abi<\/title>\n<meta name=\"robots\" content=\"index, follow, max-snippet:-1, max-image-preview:large, max-video-preview:-1\" \/>\n<link rel=\"canonical\" href=\"https:\/\/abiliocaetano.online\/en\/politica-de-cookies\/\" \/>\n<meta property=\"og:locale\" content=\"en_GB\" \/>\n<meta property=\"og:type\" content=\"article\" \/>\n<meta property=\"og:title\" content=\"Pol\u00edtica de cookies - El Rinc\u00f3n de Abi\" \/>\n<meta property=\"og:description\" content=\"POL\u00cdTICA DE COOKIES Este sitio web utiliza cookies para mejorar la experiencia de navegaci\u00f3n y analizar el tr\u00e1fico de forma an\u00f3nima. Cookies T\u00e9cnicas: Necesarias para el funcionamiento de la web.Cookies ... Leer &gt;&gt;\" \/>\n<meta property=\"og:url\" content=\"https:\/\/abiliocaetano.online\/en\/politica-de-cookies\/\" \/>\n<meta property=\"og:site_name\" content=\"El Rinc\u00f3n de Abi\" \/>\n<meta property=\"article:modified_time\" content=\"2026-02-11T17:07:48+00:00\" \/>\n<meta name=\"twitter:card\" content=\"summary_large_image\" \/>\n<meta name=\"twitter:label1\" content=\"Estimated reading time\" \/>\n\t<meta name=\"twitter:data1\" content=\"1 minute\" \/>\n<script type=\"application\/ld+json\" class=\"yoast-schema-graph\">{\"@context\":\"https:\/\/schema.org\",\"@graph\":[{\"@type\":\"WebPage\",\"@id\":\"https:\/\/abiliocaetano.online\/politica-de-cookies\/\",\"url\":\"https:\/\/abiliocaetano.online\/politica-de-cookies\/\",\"name\":\"Pol\u00edtica de cookies - El Rinc\u00f3n de Abi\",\"isPartOf\":{\"@id\":\"https:\/\/abiliocaetano.online\/#website\"},\"datePublished\":\"2026-01-26T10:10:26+00:00\",\"dateModified\":\"2026-02-11T17:07:48+00:00\",\"breadcrumb\":{\"@id\":\"https:\/\/abiliocaetano.online\/politica-de-cookies\/#breadcrumb\"},\"inLanguage\":\"en-GB\",\"potentialAction\":[{\"@type\":\"ReadAction\",\"target\":[\"https:\/\/abiliocaetano.online\/politica-de-cookies\/\"]}]},{\"@type\":\"BreadcrumbList\",\"@id\":\"https:\/\/abiliocaetano.online\/politica-de-cookies\/#breadcrumb\",\"itemListElement\":[{\"@type\":\"ListItem\",\"position\":1,\"name\":\"Portada\",\"item\":\"https:\/\/abiliocaetano.online\/\"},{\"@type\":\"ListItem\",\"position\":2,\"name\":\"Pol\u00edtica de cookies\"}]},{\"@type\":\"WebSite\",\"@id\":\"https:\/\/abiliocaetano.online\/#website\",\"url\":\"https:\/\/abiliocaetano.online\/\",\"name\":\"Abilio.online\",\"description\":\"ESG | Medioambiente | Negocios\",\"publisher\":{\"@id\":\"https:\/\/abiliocaetano.online\/#\/schema\/person\/7ea8336b159e81f9992a48f34c68278d\"},\"alternateName\":\"Abilio Caetano\",\"potentialAction\":[{\"@type\":\"SearchAction\",\"target\":{\"@type\":\"EntryPoint\",\"urlTemplate\":\"https:\/\/abiliocaetano.online\/?s={search_term_string}\"},\"query-input\":{\"@type\":\"PropertyValueSpecification\",\"valueRequired\":true,\"valueName\":\"search_term_string\"}}],\"inLanguage\":\"en-GB\"},{\"@type\":[\"Person\",\"Organization\"],\"@id\":\"https:\/\/abiliocaetano.online\/#\/schema\/person\/7ea8336b159e81f9992a48f34c68278d\",\"name\":\"Abi\",\"image\":{\"@type\":\"ImageObject\",\"inLanguage\":\"en-GB\",\"@id\":\"https:\/\/abiliocaetano.online\/wp-content\/uploads\/2024\/11\/2-e1731160672608.png\",\"url\":\"https:\/\/abiliocaetano.online\/wp-content\/uploads\/2024\/11\/2-e1731160672608.png\",\"contentUrl\":\"https:\/\/abiliocaetano.online\/wp-content\/uploads\/2024\/11\/2-e1731160672608.png\",\"width\":355,\"height\":198,\"caption\":\"Abi\"},\"logo\":{\"@id\":\"https:\/\/abiliocaetano.online\/wp-content\/uploads\/2024\/11\/2-e1731160672608.png\"},\"sameAs\":[\"http:\/\/abiliocaetano.online\",\"https:\/\/www.linkedin.com\/in\/abilio-caetano\/\",\"https:\/\/www.youtube.com\/@RouteESGPodcast\"]}]}<\/script>\n<!-- \/ Yoast SEO plugin. -->","yoast_head_json":{"title":"Pol\u00edtica de cookies - El Rinc\u00f3n de Abi","robots":{"index":"index","follow":"follow","max-snippet":"max-snippet:-1","max-image-preview":"max-image-preview:large","max-video-preview":"max-video-preview:-1"},"canonical":"https:\/\/abiliocaetano.online\/en\/politica-de-cookies\/","og_locale":"en_GB","og_type":"article","og_title":"Pol\u00edtica de cookies - El Rinc\u00f3n de Abi","og_description":"POL\u00cdTICA DE COOKIES Este sitio web utiliza cookies para mejorar la experiencia de navegaci\u00f3n y analizar el tr\u00e1fico de forma an\u00f3nima. Cookies T\u00e9cnicas: Necesarias para el funcionamiento de la web.Cookies ... Leer &gt;&gt;","og_url":"https:\/\/abiliocaetano.online\/en\/politica-de-cookies\/","og_site_name":"El Rinc\u00f3n de Abi","article_modified_time":"2026-02-11T17:07:48+00:00","twitter_card":"summary_large_image","twitter_misc":{"Estimated reading time":"1 minute"},"schema":{"@context":"https:\/\/schema.org","@graph":[{"@type":"WebPage","@id":"https:\/\/abiliocaetano.online\/politica-de-cookies\/","url":"https:\/\/abiliocaetano.online\/politica-de-cookies\/","name":"Pol\u00edtica de cookies - El Rinc\u00f3n de Abi","isPartOf":{"@id":"https:\/\/abiliocaetano.online\/#website"},"datePublished":"2026-01-26T10:10:26+00:00","dateModified":"2026-02-11T17:07:48+00:00","breadcrumb":{"@id":"https:\/\/abiliocaetano.online\/politica-de-cookies\/#breadcrumb"},"inLanguage":"en-GB","potentialAction":[{"@type":"ReadAction","target":["https:\/\/abiliocaetano.online\/politica-de-cookies\/"]}]},{"@type":"BreadcrumbList","@id":"https:\/\/abiliocaetano.online\/politica-de-cookies\/#breadcrumb","itemListElement":[{"@type":"ListItem","position":1,"name":"Portada","item":"https:\/\/abiliocaetano.online\/"},{"@type":"ListItem","position":2,"name":"Pol\u00edtica de cookies"}]},{"@type":"WebSite","@id":"https:\/\/abiliocaetano.online\/#website","url":"https:\/\/abiliocaetano.online\/","name":"Abilio.online","description":"ESG | Medioambiente | Negocios","publisher":{"@id":"https:\/\/abiliocaetano.online\/#\/schema\/person\/7ea8336b159e81f9992a48f34c68278d"},"alternateName":"Abilio Caetano","potentialAction":[{"@type":"SearchAction","target":{"@type":"EntryPoint","urlTemplate":"https:\/\/abiliocaetano.online\/?s={search_term_string}"},"query-input":{"@type":"PropertyValueSpecification","valueRequired":true,"valueName":"search_term_string"}}],"inLanguage":"en-GB"},{"@type":["Person","Organization"],"@id":"https:\/\/abiliocaetano.online\/#\/schema\/person\/7ea8336b159e81f9992a48f34c68278d","name":"Abi","image":{"@type":"ImageObject","inLanguage":"en-GB","@id":"https:\/\/abiliocaetano.online\/wp-content\/uploads\/2024\/11\/2-e1731160672608.png","url":"https:\/\/abiliocaetano.online\/wp-content\/uploads\/2024\/11\/2-e1731160672608.png","contentUrl":"https:\/\/abiliocaetano.online\/wp-content\/uploads\/2024\/11\/2-e1731160672608.png","width":355,"height":198,"caption":"Abi"},"logo":{"@id":"https:\/\/abiliocaetano.online\/wp-content\/uploads\/2024\/11\/2-e1731160672608.png"},"sameAs":["http:\/\/abiliocaetano.online","https:\/\/www.linkedin.com\/in\/abilio-caetano\/","https:\/\/www.youtube.com\/@RouteESGPodcast"]}]}},"_links":{"self":[{"href":"https:\/\/abiliocaetano.online\/en\/wp-json\/wp\/v2\/pages\/1782","targetHints":{"allow":["GET"]}}],"collection":[{"href":"https:\/\/abiliocaetano.online\/en\/wp-json\/wp\/v2\/pages"}],"about":[{"href":"https:\/\/abiliocaetano.online\/en\/wp-json\/wp\/v2\/types\/page"}],"author":[{"embeddable":true,"href":"https:\/\/abiliocaetano.online\/en\/wp-json\/wp\/v2\/users\/2"}],"replies":[{"embeddable":true,"href":"https:\/\/abiliocaetano.online\/en\/wp-json\/wp\/v2\/comments?post=1782"}],"version-history":[{"count":4,"href":"https:\/\/abiliocaetano.online\/en\/wp-json\/wp\/v2\/pages\/1782\/revisions"}],"predecessor-version":[{"id":2630,"href":"https:\/\/abiliocaetano.online\/en\/wp-json\/wp\/v2\/pages\/1782\/revisions\/2630"}],"wp:attachment":[{"href":"https:\/\/abiliocaetano.online\/en\/wp-json\/wp\/v2\/media?parent=1782"}],"curies":[{"name":"wp","href":"https:\/\/api.w.org\/{rel}","templated":true}]}}