{"id":1780,"date":"2026-01-26T08:30:28","date_gmt":"2026-01-26T08:30:28","guid":{"rendered":"https:\/\/abiliocaetano.online\/?page_id=1780"},"modified":"2026-02-11T17:10:06","modified_gmt":"2026-02-11T17:10:06","slug":"politica-de-privacidad","status":"publish","type":"page","link":"https:\/\/abiliocaetano.online\/en\/politica-de-privacidad\/","title":{"rendered":"Pol\u00edtica de privacidad"},"content":{"rendered":"<div data-elementor-type=\"wp-page\" data-elementor-id=\"1780\" class=\"elementor elementor-1780\" data-elementor-post-type=\"page\">\n\t\t\t\t<div class=\"elementor-element elementor-element-cb76ee8 e-flex e-con-boxed e-con e-parent\" data-id=\"cb76ee8\" data-element_type=\"container\" data-e-type=\"container\">\n\t\t\t\t\t<div class=\"e-con-inner\">\n\t\t<div class=\"elementor-element elementor-element-8a8bb72 e-con-full e-flex e-con e-child\" data-id=\"8a8bb72\" data-element_type=\"container\" data-e-type=\"container\">\n\t\t\t\t<div class=\"elementor-element elementor-element-9b9a044 elementor-widget__width-initial elementor-widget elementor-widget-heading\" data-id=\"9b9a044\" data-element_type=\"widget\" data-e-type=\"widget\" data-widget_type=\"heading.default\">\n\t\t\t\t\t<h2 class=\"elementor-heading-title elementor-size-default\">Pol\u00edtica de Privacidad<\/h2>\t\t\t\t<\/div>\n\t\t\t\t<\/div>\n\t\t<div class=\"elementor-element elementor-element-6ac8d8c e-con-full e-flex e-con e-child\" data-id=\"6ac8d8c\" data-element_type=\"container\" data-e-type=\"container\">\n\t\t<div class=\"elementor-element elementor-element-6c65e6b e-con-full e-flex e-con e-child\" data-id=\"6c65e6b\" data-element_type=\"container\" data-e-type=\"container\">\n\t\t\t\t<div class=\"elementor-element elementor-element-3d606f7 elementor-widget-tablet__width-initial elementor-widget elementor-widget-text-editor\" data-id=\"3d606f7\" data-element_type=\"widget\" data-e-type=\"widget\" data-widget_type=\"text-editor.default\">\n\t\t\t\t\t\t\t\t\t<p>Legitimaci\u00f3n:<br \/>La base legal es el consentimiento expreso del usuario al marcar la casilla de aceptaci\u00f3n.<\/p><p>Derechos:<br \/>Puedes ejercer tus derechos de acceso, rectificaci\u00f3n, supresi\u00f3n y portabilidad enviando un correo a hola@abiliocaetano.online.<\/p>\t\t\t\t\t\t\t\t<\/div>\n\t\t\t\t<\/div>\n\t\t<div class=\"elementor-element elementor-element-b4794f2 e-con-full e-flex e-con e-child\" data-id=\"b4794f2\" data-element_type=\"container\" data-e-type=\"container\">\n\t\t\t\t<div class=\"elementor-element elementor-element-73ca9ff elementor-widget-tablet__width-initial elementor-widget elementor-widget-text-editor\" data-id=\"73ca9ff\" data-element_type=\"widget\" data-e-type=\"widget\" data-widget_type=\"text-editor.default\">\n\t\t\t\t\t\t\t\t\t<p><strong>\u00bfQui\u00e9n es el Responsable del tratamiento de tus datos?<\/strong><br \/>Abilio Caetano Barrera, con domicilio a efectos comerciales en Sevilla.<br \/><strong>\u00bfCon qu\u00e9 finalidad tratamos tus datos personales?<\/strong><br \/>En esta web recogemos datos a trav\u00e9s del formulario de contacto y suscripci\u00f3n al blog para:<\/p><ol><li>Responder a consultas y presupuestos.<\/li><li>Enviar comunicaciones comerciales relacionadas con la consultor\u00eda de sostenibilidad (siempre que se haya dado el consentimiento).<\/li><\/ol>\t\t\t\t\t\t\t\t<\/div>\n\t\t\t\t<\/div>\n\t\t\t\t<\/div>\n\t\t\t\t\t<\/div>\n\t\t\t\t<\/div>\n\t\t\t\t<\/div>","protected":false},"excerpt":{"rendered":"<p>Pol\u00edtica de Privacidad Legitimaci\u00f3n:La base legal es el consentimiento expreso del usuario al marcar la casilla de aceptaci\u00f3n. Derechos:Puedes ejercer tus derechos de acceso, rectificaci\u00f3n, supresi\u00f3n y portabilidad enviando un &#8230; <\/p>\n<p class=\"read-more-container\"><a title=\"Pol\u00edtica de privacidad\" class=\"read-more button\" href=\"https:\/\/abiliocaetano.online\/en\/politica-de-privacidad\/#more-1780\" aria-label=\"Read more about Pol\u00edtica de privacidad\">Leer &gt;&gt;<\/a><\/p>","protected":false},"author":2,"featured_media":0,"parent":0,"menu_order":0,"comment_status":"closed","ping_status":"closed","template":"","meta":{"footnotes":""},"class_list":{"0":"post-1780","1":"page","2":"type-page","3":"status-publish","5":"infinite-scroll-item"},"yoast_head":"<!-- This site is optimized with the Yoast SEO plugin v27.2 - https:\/\/yoast.com\/product\/yoast-seo-wordpress\/ -->\n<title>Pol\u00edtica de privacidad - El Rinc\u00f3n de Abi<\/title>\n<meta name=\"robots\" content=\"noindex, follow\" \/>\n<meta property=\"og:locale\" content=\"en_GB\" \/>\n<meta property=\"og:type\" content=\"article\" \/>\n<meta property=\"og:title\" content=\"Pol\u00edtica de privacidad - El Rinc\u00f3n de Abi\" \/>\n<meta property=\"og:description\" content=\"Pol\u00edtica de Privacidad Legitimaci\u00f3n:La base legal es el consentimiento expreso del usuario al marcar la casilla de aceptaci\u00f3n. Derechos:Puedes ejercer tus derechos de acceso, rectificaci\u00f3n, supresi\u00f3n y portabilidad enviando un ... Leer &gt;&gt;\" \/>\n<meta property=\"og:url\" content=\"https:\/\/abiliocaetano.online\/en\/politica-de-privacidad\/\" \/>\n<meta property=\"og:site_name\" content=\"El Rinc\u00f3n de Abi\" \/>\n<meta property=\"article:modified_time\" content=\"2026-02-11T17:10:06+00:00\" \/>\n<meta name=\"twitter:card\" content=\"summary_large_image\" \/>\n<meta name=\"twitter:label1\" content=\"Estimated reading time\" \/>\n\t<meta name=\"twitter:data1\" content=\"1 minute\" \/>\n<script type=\"application\/ld+json\" class=\"yoast-schema-graph\">{\"@context\":\"https:\/\/schema.org\",\"@graph\":[{\"@type\":\"WebPage\",\"@id\":\"https:\/\/abiliocaetano.online\/politica-de-privacidad\/\",\"url\":\"https:\/\/abiliocaetano.online\/politica-de-privacidad\/\",\"name\":\"Pol\u00edtica de privacidad - El Rinc\u00f3n de Abi\",\"isPartOf\":{\"@id\":\"https:\/\/abiliocaetano.online\/#website\"},\"datePublished\":\"2026-01-26T08:30:28+00:00\",\"dateModified\":\"2026-02-11T17:10:06+00:00\",\"breadcrumb\":{\"@id\":\"https:\/\/abiliocaetano.online\/politica-de-privacidad\/#breadcrumb\"},\"inLanguage\":\"en-GB\",\"potentialAction\":[{\"@type\":\"ReadAction\",\"target\":[\"https:\/\/abiliocaetano.online\/politica-de-privacidad\/\"]}]},{\"@type\":\"BreadcrumbList\",\"@id\":\"https:\/\/abiliocaetano.online\/politica-de-privacidad\/#breadcrumb\",\"itemListElement\":[{\"@type\":\"ListItem\",\"position\":1,\"name\":\"Portada\",\"item\":\"https:\/\/abiliocaetano.online\/\"},{\"@type\":\"ListItem\",\"position\":2,\"name\":\"Pol\u00edtica de privacidad\"}]},{\"@type\":\"WebSite\",\"@id\":\"https:\/\/abiliocaetano.online\/#website\",\"url\":\"https:\/\/abiliocaetano.online\/\",\"name\":\"Abilio.online\",\"description\":\"ESG | Medioambiente | Negocios\",\"publisher\":{\"@id\":\"https:\/\/abiliocaetano.online\/#\/schema\/person\/7ea8336b159e81f9992a48f34c68278d\"},\"alternateName\":\"Abilio Caetano\",\"potentialAction\":[{\"@type\":\"SearchAction\",\"target\":{\"@type\":\"EntryPoint\",\"urlTemplate\":\"https:\/\/abiliocaetano.online\/?s={search_term_string}\"},\"query-input\":{\"@type\":\"PropertyValueSpecification\",\"valueRequired\":true,\"valueName\":\"search_term_string\"}}],\"inLanguage\":\"en-GB\"},{\"@type\":[\"Person\",\"Organization\"],\"@id\":\"https:\/\/abiliocaetano.online\/#\/schema\/person\/7ea8336b159e81f9992a48f34c68278d\",\"name\":\"Abi\",\"image\":{\"@type\":\"ImageObject\",\"inLanguage\":\"en-GB\",\"@id\":\"https:\/\/abiliocaetano.online\/wp-content\/uploads\/2024\/11\/2-e1731160672608.png\",\"url\":\"https:\/\/abiliocaetano.online\/wp-content\/uploads\/2024\/11\/2-e1731160672608.png\",\"contentUrl\":\"https:\/\/abiliocaetano.online\/wp-content\/uploads\/2024\/11\/2-e1731160672608.png\",\"width\":355,\"height\":198,\"caption\":\"Abi\"},\"logo\":{\"@id\":\"https:\/\/abiliocaetano.online\/wp-content\/uploads\/2024\/11\/2-e1731160672608.png\"},\"sameAs\":[\"http:\/\/abiliocaetano.online\",\"https:\/\/www.linkedin.com\/in\/abilio-caetano\/\",\"https:\/\/www.youtube.com\/@RouteESGPodcast\"]}]}<\/script>\n<!-- \/ Yoast SEO plugin. -->","yoast_head_json":{"title":"Pol\u00edtica de privacidad - El Rinc\u00f3n de Abi","robots":{"index":"noindex","follow":"follow"},"og_locale":"en_GB","og_type":"article","og_title":"Pol\u00edtica de privacidad - El Rinc\u00f3n de Abi","og_description":"Pol\u00edtica de Privacidad Legitimaci\u00f3n:La base legal es el consentimiento expreso del usuario al marcar la casilla de aceptaci\u00f3n. Derechos:Puedes ejercer tus derechos de acceso, rectificaci\u00f3n, supresi\u00f3n y portabilidad enviando un ... Leer &gt;&gt;","og_url":"https:\/\/abiliocaetano.online\/en\/politica-de-privacidad\/","og_site_name":"El Rinc\u00f3n de Abi","article_modified_time":"2026-02-11T17:10:06+00:00","twitter_card":"summary_large_image","twitter_misc":{"Estimated reading time":"1 minute"},"schema":{"@context":"https:\/\/schema.org","@graph":[{"@type":"WebPage","@id":"https:\/\/abiliocaetano.online\/politica-de-privacidad\/","url":"https:\/\/abiliocaetano.online\/politica-de-privacidad\/","name":"Pol\u00edtica de privacidad - El Rinc\u00f3n de Abi","isPartOf":{"@id":"https:\/\/abiliocaetano.online\/#website"},"datePublished":"2026-01-26T08:30:28+00:00","dateModified":"2026-02-11T17:10:06+00:00","breadcrumb":{"@id":"https:\/\/abiliocaetano.online\/politica-de-privacidad\/#breadcrumb"},"inLanguage":"en-GB","potentialAction":[{"@type":"ReadAction","target":["https:\/\/abiliocaetano.online\/politica-de-privacidad\/"]}]},{"@type":"BreadcrumbList","@id":"https:\/\/abiliocaetano.online\/politica-de-privacidad\/#breadcrumb","itemListElement":[{"@type":"ListItem","position":1,"name":"Portada","item":"https:\/\/abiliocaetano.online\/"},{"@type":"ListItem","position":2,"name":"Pol\u00edtica de privacidad"}]},{"@type":"WebSite","@id":"https:\/\/abiliocaetano.online\/#website","url":"https:\/\/abiliocaetano.online\/","name":"Abilio.online","description":"ESG | Medioambiente | Negocios","publisher":{"@id":"https:\/\/abiliocaetano.online\/#\/schema\/person\/7ea8336b159e81f9992a48f34c68278d"},"alternateName":"Abilio Caetano","potentialAction":[{"@type":"SearchAction","target":{"@type":"EntryPoint","urlTemplate":"https:\/\/abiliocaetano.online\/?s={search_term_string}"},"query-input":{"@type":"PropertyValueSpecification","valueRequired":true,"valueName":"search_term_string"}}],"inLanguage":"en-GB"},{"@type":["Person","Organization"],"@id":"https:\/\/abiliocaetano.online\/#\/schema\/person\/7ea8336b159e81f9992a48f34c68278d","name":"Abi","image":{"@type":"ImageObject","inLanguage":"en-GB","@id":"https:\/\/abiliocaetano.online\/wp-content\/uploads\/2024\/11\/2-e1731160672608.png","url":"https:\/\/abiliocaetano.online\/wp-content\/uploads\/2024\/11\/2-e1731160672608.png","contentUrl":"https:\/\/abiliocaetano.online\/wp-content\/uploads\/2024\/11\/2-e1731160672608.png","width":355,"height":198,"caption":"Abi"},"logo":{"@id":"https:\/\/abiliocaetano.online\/wp-content\/uploads\/2024\/11\/2-e1731160672608.png"},"sameAs":["http:\/\/abiliocaetano.online","https:\/\/www.linkedin.com\/in\/abilio-caetano\/","https:\/\/www.youtube.com\/@RouteESGPodcast"]}]}},"_links":{"self":[{"href":"https:\/\/abiliocaetano.online\/en\/wp-json\/wp\/v2\/pages\/1780","targetHints":{"allow":["GET"]}}],"collection":[{"href":"https:\/\/abiliocaetano.online\/en\/wp-json\/wp\/v2\/pages"}],"about":[{"href":"https:\/\/abiliocaetano.online\/en\/wp-json\/wp\/v2\/types\/page"}],"author":[{"embeddable":true,"href":"https:\/\/abiliocaetano.online\/en\/wp-json\/wp\/v2\/users\/2"}],"replies":[{"embeddable":true,"href":"https:\/\/abiliocaetano.online\/en\/wp-json\/wp\/v2\/comments?post=1780"}],"version-history":[{"count":4,"href":"https:\/\/abiliocaetano.online\/en\/wp-json\/wp\/v2\/pages\/1780\/revisions"}],"predecessor-version":[{"id":2633,"href":"https:\/\/abiliocaetano.online\/en\/wp-json\/wp\/v2\/pages\/1780\/revisions\/2633"}],"wp:attachment":[{"href":"https:\/\/abiliocaetano.online\/en\/wp-json\/wp\/v2\/media?parent=1780"}],"curies":[{"name":"wp","href":"https:\/\/api.w.org\/{rel}","templated":true}]}}