{"id":1778,"date":"2026-01-26T08:30:07","date_gmt":"2026-01-26T08:30:07","guid":{"rendered":"https:\/\/abiliocaetano.online\/?page_id=1778"},"modified":"2026-02-11T17:06:31","modified_gmt":"2026-02-11T17:06:31","slug":"aviso-legal","status":"publish","type":"page","link":"https:\/\/abiliocaetano.online\/en\/aviso-legal\/","title":{"rendered":"Aviso Legal"},"content":{"rendered":"<div data-elementor-type=\"wp-page\" data-elementor-id=\"1778\" class=\"elementor elementor-1778\" data-elementor-post-type=\"page\">\n\t\t\t\t<div class=\"elementor-element elementor-element-0f9a48d e-flex e-con-boxed e-con e-parent\" data-id=\"0f9a48d\" data-element_type=\"container\" data-e-type=\"container\">\n\t\t\t\t\t<div class=\"e-con-inner\">\n\t\t<div class=\"elementor-element elementor-element-0ddbd35 e-con-full e-flex e-con e-child\" data-id=\"0ddbd35\" data-element_type=\"container\" data-e-type=\"container\">\n\t\t\t\t<div class=\"elementor-element elementor-element-1c5ea9b elementor-widget__width-initial elementor-widget elementor-widget-heading\" data-id=\"1c5ea9b\" data-element_type=\"widget\" data-e-type=\"widget\" data-widget_type=\"heading.default\">\n\t\t\t\t\t<h2 class=\"elementor-heading-title elementor-size-default\">AVISO LEGAL<\/h2>\t\t\t\t<\/div>\n\t\t\t\t<\/div>\n\t\t<div class=\"elementor-element elementor-element-998df40 e-con-full e-flex e-con e-child\" data-id=\"998df40\" data-element_type=\"container\" data-e-type=\"container\">\n\t\t<div class=\"elementor-element elementor-element-52ecc92 e-con-full e-flex e-con e-child\" data-id=\"52ecc92\" data-element_type=\"container\" data-e-type=\"container\">\n\t\t\t\t<div class=\"elementor-element elementor-element-e9b98d5 elementor-widget-tablet__width-initial elementor-widget elementor-widget-text-editor\" data-id=\"e9b98d5\" data-element_type=\"widget\" data-e-type=\"widget\" data-widget_type=\"text-editor.default\">\n\t\t\t\t\t\t\t\t\t<p>Este sitio web ha sido creado para informar sobre los servicios de asesor\u00eda de Abilio Caetano. El acceso y uso de la web atribuye la condici\u00f3n de usuario e implica la aceptaci\u00f3n de estas condiciones.<\/p>\t\t\t\t\t\t\t\t<\/div>\n\t\t\t\t<\/div>\n\t\t<div class=\"elementor-element elementor-element-a8f1376 e-con-full e-flex e-con e-child\" data-id=\"a8f1376\" data-element_type=\"container\" data-e-type=\"container\">\n\t\t\t\t<div class=\"elementor-element elementor-element-989a35e elementor-widget-tablet__width-initial elementor-widget elementor-widget-text-editor\" data-id=\"989a35e\" data-element_type=\"widget\" data-e-type=\"widget\" data-widget_type=\"text-editor.default\">\n\t\t\t\t\t\t\t\t\t<p>Responsable Legal:<br \/>Identidad: Abilio Caetano Barrera<br \/>NIF: 30267755P<br \/>Direcci\u00f3n Comercial: C. Francisco Carrera Iglesias, 2, 41006 Sevilla.<br \/>Correo electr\u00f3nico:hola@abiliocaetano.online\u00a0<br \/>Tel\u00e9fono: +34 640 04 69 <br \/>Actividad: Consultor\u00eda de negocios y sostenibilidad.<\/p>\t\t\t\t\t\t\t\t<\/div>\n\t\t\t\t<\/div>\n\t\t\t\t<\/div>\n\t\t\t\t\t<\/div>\n\t\t\t\t<\/div>\n\t\t\t\t<\/div>","protected":false},"excerpt":{"rendered":"<p>AVISO LEGAL Este sitio web ha sido creado para informar sobre los servicios de asesor\u00eda de Abilio Caetano. El acceso y uso de la web atribuye la condici\u00f3n de usuario &#8230; <\/p>\n<p class=\"read-more-container\"><a title=\"Aviso Legal\" class=\"read-more button\" href=\"https:\/\/abiliocaetano.online\/en\/aviso-legal\/#more-1778\" aria-label=\"Read more about Aviso Legal\">Leer &gt;&gt;<\/a><\/p>","protected":false},"author":2,"featured_media":0,"parent":0,"menu_order":0,"comment_status":"closed","ping_status":"closed","template":"","meta":{"footnotes":""},"class_list":{"0":"post-1778","1":"page","2":"type-page","3":"status-publish","5":"infinite-scroll-item"},"yoast_head":"<!-- This site is optimized with the Yoast SEO plugin v27.2 - https:\/\/yoast.com\/product\/yoast-seo-wordpress\/ -->\n<title>Aviso Legal - El Rinc\u00f3n de Abi<\/title>\n<meta name=\"robots\" content=\"noindex, nofollow\" \/>\n<meta property=\"og:locale\" content=\"en_GB\" \/>\n<meta property=\"og:type\" content=\"article\" \/>\n<meta property=\"og:title\" content=\"Aviso Legal - El Rinc\u00f3n de Abi\" \/>\n<meta property=\"og:description\" content=\"AVISO LEGAL Este sitio web ha sido creado para informar sobre los servicios de asesor\u00eda de Abilio Caetano. El acceso y uso de la web atribuye la condici\u00f3n de usuario ... Leer &gt;&gt;\" \/>\n<meta property=\"og:url\" content=\"https:\/\/abiliocaetano.online\/en\/aviso-legal\/\" \/>\n<meta property=\"og:site_name\" content=\"El Rinc\u00f3n de Abi\" \/>\n<meta property=\"article:modified_time\" content=\"2026-02-11T17:06:31+00:00\" \/>\n<meta name=\"twitter:card\" content=\"summary_large_image\" \/>\n<meta name=\"twitter:label1\" content=\"Estimated reading time\" \/>\n\t<meta name=\"twitter:data1\" content=\"1 minute\" \/>\n<script type=\"application\/ld+json\" class=\"yoast-schema-graph\">{\"@context\":\"https:\/\/schema.org\",\"@graph\":[{\"@type\":\"WebPage\",\"@id\":\"https:\/\/abiliocaetano.online\/aviso-legal\/\",\"url\":\"https:\/\/abiliocaetano.online\/aviso-legal\/\",\"name\":\"Aviso Legal - El Rinc\u00f3n de Abi\",\"isPartOf\":{\"@id\":\"https:\/\/abiliocaetano.online\/#website\"},\"datePublished\":\"2026-01-26T08:30:07+00:00\",\"dateModified\":\"2026-02-11T17:06:31+00:00\",\"breadcrumb\":{\"@id\":\"https:\/\/abiliocaetano.online\/aviso-legal\/#breadcrumb\"},\"inLanguage\":\"en-GB\",\"potentialAction\":[{\"@type\":\"ReadAction\",\"target\":[\"https:\/\/abiliocaetano.online\/aviso-legal\/\"]}]},{\"@type\":\"BreadcrumbList\",\"@id\":\"https:\/\/abiliocaetano.online\/aviso-legal\/#breadcrumb\",\"itemListElement\":[{\"@type\":\"ListItem\",\"position\":1,\"name\":\"Portada\",\"item\":\"https:\/\/abiliocaetano.online\/\"},{\"@type\":\"ListItem\",\"position\":2,\"name\":\"Aviso Legal\"}]},{\"@type\":\"WebSite\",\"@id\":\"https:\/\/abiliocaetano.online\/#website\",\"url\":\"https:\/\/abiliocaetano.online\/\",\"name\":\"Abilio.online\",\"description\":\"ESG | Medioambiente | Negocios\",\"publisher\":{\"@id\":\"https:\/\/abiliocaetano.online\/#\/schema\/person\/7ea8336b159e81f9992a48f34c68278d\"},\"alternateName\":\"Abilio Caetano\",\"potentialAction\":[{\"@type\":\"SearchAction\",\"target\":{\"@type\":\"EntryPoint\",\"urlTemplate\":\"https:\/\/abiliocaetano.online\/?s={search_term_string}\"},\"query-input\":{\"@type\":\"PropertyValueSpecification\",\"valueRequired\":true,\"valueName\":\"search_term_string\"}}],\"inLanguage\":\"en-GB\"},{\"@type\":[\"Person\",\"Organization\"],\"@id\":\"https:\/\/abiliocaetano.online\/#\/schema\/person\/7ea8336b159e81f9992a48f34c68278d\",\"name\":\"Abi\",\"image\":{\"@type\":\"ImageObject\",\"inLanguage\":\"en-GB\",\"@id\":\"https:\/\/abiliocaetano.online\/wp-content\/uploads\/2024\/11\/2-e1731160672608.png\",\"url\":\"https:\/\/abiliocaetano.online\/wp-content\/uploads\/2024\/11\/2-e1731160672608.png\",\"contentUrl\":\"https:\/\/abiliocaetano.online\/wp-content\/uploads\/2024\/11\/2-e1731160672608.png\",\"width\":355,\"height\":198,\"caption\":\"Abi\"},\"logo\":{\"@id\":\"https:\/\/abiliocaetano.online\/wp-content\/uploads\/2024\/11\/2-e1731160672608.png\"},\"sameAs\":[\"http:\/\/abiliocaetano.online\",\"https:\/\/www.linkedin.com\/in\/abilio-caetano\/\",\"https:\/\/www.youtube.com\/@RouteESGPodcast\"]}]}<\/script>\n<!-- \/ Yoast SEO plugin. -->","yoast_head_json":{"title":"Aviso Legal - El Rinc\u00f3n de Abi","robots":{"index":"noindex","follow":"nofollow"},"og_locale":"en_GB","og_type":"article","og_title":"Aviso Legal - El Rinc\u00f3n de Abi","og_description":"AVISO LEGAL Este sitio web ha sido creado para informar sobre los servicios de asesor\u00eda de Abilio Caetano. El acceso y uso de la web atribuye la condici\u00f3n de usuario ... Leer &gt;&gt;","og_url":"https:\/\/abiliocaetano.online\/en\/aviso-legal\/","og_site_name":"El Rinc\u00f3n de Abi","article_modified_time":"2026-02-11T17:06:31+00:00","twitter_card":"summary_large_image","twitter_misc":{"Estimated reading time":"1 minute"},"schema":{"@context":"https:\/\/schema.org","@graph":[{"@type":"WebPage","@id":"https:\/\/abiliocaetano.online\/aviso-legal\/","url":"https:\/\/abiliocaetano.online\/aviso-legal\/","name":"Aviso Legal - El Rinc\u00f3n de Abi","isPartOf":{"@id":"https:\/\/abiliocaetano.online\/#website"},"datePublished":"2026-01-26T08:30:07+00:00","dateModified":"2026-02-11T17:06:31+00:00","breadcrumb":{"@id":"https:\/\/abiliocaetano.online\/aviso-legal\/#breadcrumb"},"inLanguage":"en-GB","potentialAction":[{"@type":"ReadAction","target":["https:\/\/abiliocaetano.online\/aviso-legal\/"]}]},{"@type":"BreadcrumbList","@id":"https:\/\/abiliocaetano.online\/aviso-legal\/#breadcrumb","itemListElement":[{"@type":"ListItem","position":1,"name":"Portada","item":"https:\/\/abiliocaetano.online\/"},{"@type":"ListItem","position":2,"name":"Aviso Legal"}]},{"@type":"WebSite","@id":"https:\/\/abiliocaetano.online\/#website","url":"https:\/\/abiliocaetano.online\/","name":"Abilio.online","description":"ESG | Medioambiente | Negocios","publisher":{"@id":"https:\/\/abiliocaetano.online\/#\/schema\/person\/7ea8336b159e81f9992a48f34c68278d"},"alternateName":"Abilio Caetano","potentialAction":[{"@type":"SearchAction","target":{"@type":"EntryPoint","urlTemplate":"https:\/\/abiliocaetano.online\/?s={search_term_string}"},"query-input":{"@type":"PropertyValueSpecification","valueRequired":true,"valueName":"search_term_string"}}],"inLanguage":"en-GB"},{"@type":["Person","Organization"],"@id":"https:\/\/abiliocaetano.online\/#\/schema\/person\/7ea8336b159e81f9992a48f34c68278d","name":"Abi","image":{"@type":"ImageObject","inLanguage":"en-GB","@id":"https:\/\/abiliocaetano.online\/wp-content\/uploads\/2024\/11\/2-e1731160672608.png","url":"https:\/\/abiliocaetano.online\/wp-content\/uploads\/2024\/11\/2-e1731160672608.png","contentUrl":"https:\/\/abiliocaetano.online\/wp-content\/uploads\/2024\/11\/2-e1731160672608.png","width":355,"height":198,"caption":"Abi"},"logo":{"@id":"https:\/\/abiliocaetano.online\/wp-content\/uploads\/2024\/11\/2-e1731160672608.png"},"sameAs":["http:\/\/abiliocaetano.online","https:\/\/www.linkedin.com\/in\/abilio-caetano\/","https:\/\/www.youtube.com\/@RouteESGPodcast"]}]}},"_links":{"self":[{"href":"https:\/\/abiliocaetano.online\/en\/wp-json\/wp\/v2\/pages\/1778","targetHints":{"allow":["GET"]}}],"collection":[{"href":"https:\/\/abiliocaetano.online\/en\/wp-json\/wp\/v2\/pages"}],"about":[{"href":"https:\/\/abiliocaetano.online\/en\/wp-json\/wp\/v2\/types\/page"}],"author":[{"embeddable":true,"href":"https:\/\/abiliocaetano.online\/en\/wp-json\/wp\/v2\/users\/2"}],"replies":[{"embeddable":true,"href":"https:\/\/abiliocaetano.online\/en\/wp-json\/wp\/v2\/comments?post=1778"}],"version-history":[{"count":4,"href":"https:\/\/abiliocaetano.online\/en\/wp-json\/wp\/v2\/pages\/1778\/revisions"}],"predecessor-version":[{"id":2627,"href":"https:\/\/abiliocaetano.online\/en\/wp-json\/wp\/v2\/pages\/1778\/revisions\/2627"}],"wp:attachment":[{"href":"https:\/\/abiliocaetano.online\/en\/wp-json\/wp\/v2\/media?parent=1778"}],"curies":[{"name":"wp","href":"https:\/\/api.w.org\/{rel}","templated":true}]}}